{"id":144,"date":"2025-05-08T16:59:39","date_gmt":"2025-05-08T16:59:39","guid":{"rendered":"https:\/\/alonsodespachoabogados.com\/?page_id=144"},"modified":"2025-05-19T15:13:33","modified_gmt":"2025-05-19T15:13:33","slug":"aviso-legal","status":"publish","type":"page","link":"https:\/\/alonsodespachoabogados.com\/en\/aviso-legal\/","title":{"rendered":"Aviso Legal"},"content":{"rendered":"<div data-elementor-type=\"wp-page\" data-elementor-id=\"144\" class=\"elementor elementor-144\" data-elementor-settings=\"{&quot;ha_cmc_init_switcher&quot;:&quot;no&quot;}\" data-elementor-post-type=\"page\">\n\t\t\t\t<div class=\"elementor-element elementor-element-9b6387a e-con-full e-flex e-con e-parent\" data-id=\"9b6387a\" data-element_type=\"container\" data-e-type=\"container\" data-settings=\"{&quot;background_background&quot;:&quot;classic&quot;,&quot;_ha_eqh_enable&quot;:false}\">\n\t\t\t\t<div class=\"elementor-element elementor-element-de3e57c elementor-widget elementor-widget-heading\" data-id=\"de3e57c\" data-element_type=\"widget\" data-e-type=\"widget\" data-widget_type=\"heading.default\">\n\t\t\t\t<div class=\"elementor-widget-container\">\n\t\t\t\t\t<h2 class=\"elementor-heading-title elementor-size-default\">Aviso Legal<\/h2>\t\t\t\t<\/div>\n\t\t\t\t<\/div>\n\t\t\t\t<\/div>\n\t\t<div class=\"elementor-element elementor-element-ac0cdb8 e-flex e-con-boxed e-con e-parent\" data-id=\"ac0cdb8\" data-element_type=\"container\" data-e-type=\"container\" data-settings=\"{&quot;_ha_eqh_enable&quot;:false}\">\n\t\t\t\t\t<div class=\"e-con-inner\">\n\t\t\t\t<div class=\"elementor-element elementor-element-3e34b9f elementor-widget elementor-widget-text-editor\" data-id=\"3e34b9f\" data-element_type=\"widget\" data-e-type=\"widget\" data-widget_type=\"text-editor.default\">\n\t\t\t\t<div class=\"elementor-widget-container\">\n\t\t\t\t\t\t\t\t\t<h3 data-start=\"161\" data-end=\"199\">1. Datos del titular del sitio web<\/h3><p data-start=\"201\" data-end=\"446\">En cumplimiento con el deber de informaci\u00f3n recogido en el art\u00edculo 10 de la Ley 34\/2002, de 11 de julio, de Servicios de la Sociedad de la Informaci\u00f3n y del Comercio Electr\u00f3nico (LSSI-CE), se informa que el presente sitio web es titularidad de:<\/p><ul data-start=\"448\" data-end=\"764\"><li data-start=\"448\" data-end=\"490\"><p data-start=\"450\" data-end=\"490\"><strong data-start=\"450\" data-end=\"461\">Titular<\/strong>: Jos\u00e9 Manuel Alonso Morais<\/p><\/li><li data-start=\"491\" data-end=\"513\"><p data-start=\"493\" data-end=\"513\"><strong data-start=\"493\" data-end=\"500\">NIF<\/strong>: 44478985K<\/p><\/li><li data-start=\"514\" data-end=\"561\"><p data-start=\"516\" data-end=\"561\"><strong data-start=\"516\" data-end=\"541\">Domicilio profesional<\/strong>: Avda. Sousas 100<\/p><\/li><li data-start=\"562\" data-end=\"607\"><p data-start=\"564\" data-end=\"607\"><strong data-start=\"564\" data-end=\"588\">Tel\u00e9fono de contacto<\/strong>: +34 615 234 311<\/p><\/li><li data-start=\"608\" data-end=\"670\"><p data-start=\"610\" data-end=\"670\"><strong data-start=\"610\" data-end=\"632\">Correo electr\u00f3nico<\/strong>: <a class=\"cursor-pointer\" rel=\"noopener\" data-start=\"634\" data-end=\"668\">josemanuel.alonso.morais@gmail.com<\/a><\/p><\/li><\/ul><h3 data-start=\"766\" data-end=\"779\">2. Objeto<\/h3><p data-start=\"781\" data-end=\"919\">El presente sitio web tiene como finalidad proporcionar informaci\u00f3n sobre los servicios jur\u00eddicos ofrecidos por Jos\u00e9 Manuel Alonso Morais.<\/p><h3 data-start=\"921\" data-end=\"946\">3. Condiciones de uso<\/h3><p data-start=\"948\" data-end=\"1244\">El acceso y navegaci\u00f3n por este sitio web atribuye la condici\u00f3n de usuario e implica la aceptaci\u00f3n plena y sin reservas de las presentes condiciones de uso. El usuario se compromete a utilizar el sitio web de conformidad con la ley, la moral, el orden p\u00fablico y las presentes condiciones legales.<\/p><h3 data-start=\"1246\" data-end=\"1287\">4. Propiedad intelectual e industrial<\/h3><p data-start=\"1289\" data-end=\"1575\">Todos los contenidos del sitio web, incluyendo textos, im\u00e1genes, logos, iconos, software y dise\u00f1o gr\u00e1fico, son propiedad de Jos\u00e9 Manuel Alonso Morais o de terceros que han autorizado su uso, y est\u00e1n protegidos por la legislaci\u00f3n vigente en materia de propiedad intelectual e industrial.<\/p><p data-start=\"1577\" data-end=\"1687\">Queda prohibida su reproducci\u00f3n, distribuci\u00f3n, comunicaci\u00f3n p\u00fablica o transformaci\u00f3n sin autorizaci\u00f3n expresa.<\/p><h3 data-start=\"1689\" data-end=\"1711\">5. Responsabilidad<\/h3><p data-start=\"1713\" data-end=\"1922\">Jos\u00e9 Manuel Alonso Morais no se hace responsable de los da\u00f1os y perjuicios que puedan derivarse del uso indebido de la informaci\u00f3n contenida en el sitio web, ni de los errores u omisiones que pudieran existir.<\/p><p data-start=\"1924\" data-end=\"2051\">El contenido de este sitio web tiene car\u00e1cter meramente informativo y en ning\u00fan caso constituye asesoramiento legal vinculante.<\/p><h3 data-start=\"2053\" data-end=\"2079\">6. Protecci\u00f3n de datos<\/h3><p data-start=\"2081\" data-end=\"2309\">Los datos personales recogidos a trav\u00e9s de formularios o medios de contacto ser\u00e1n tratados conforme a nuestra <strong data-start=\"2191\" data-end=\"2217\">Pol\u00edtica de Privacidad<\/strong>, en cumplimiento con el Reglamento (UE) 2016\/679 (RGPD) y la Ley Org\u00e1nica 3\/2018 (LOPDGDD).<\/p><h3 data-start=\"2311\" data-end=\"2354\">7. Legislaci\u00f3n aplicable y jurisdicci\u00f3n<\/h3><p data-start=\"2356\" data-end=\"2696\">La relaci\u00f3n entre Jos\u00e9 Manuel Alonso Morais y el usuario se regir\u00e1 por la normativa espa\u00f1ola vigente. Para la resoluci\u00f3n de cualquier conflicto que pudiera surgir se someter\u00e1n a los Juzgados y Tribunales de la ciudad correspondiente al domicilio profesional del titular, con renuncia expresa a cualquier otro fuero que pudiera corresponder.<\/p>\t\t\t\t\t\t\t\t<\/div>\n\t\t\t\t<\/div>\n\t\t\t\t\t<\/div>\n\t\t\t\t<\/div>\n\t\t\t\t<\/div>","protected":false},"excerpt":{"rendered":"<p>Aviso Legal 1. Datos del titular del sitio web En cumplimiento con el deber de informaci\u00f3n recogido en el art\u00edculo 10 de la Ley 34\/2002, de 11 de julio, de Servicios de la Sociedad de la Informaci\u00f3n y del Comercio Electr\u00f3nico (LSSI-CE), se informa que el presente sitio web es titularidad de: Titular: Jos\u00e9 Manuel [&hellip;]<\/p>\n","protected":false},"author":1,"featured_media":0,"parent":0,"menu_order":0,"comment_status":"closed","ping_status":"closed","template":"elementor_header_footer","meta":{"footnotes":""},"class_list":["post-144","page","type-page","status-publish","hentry"],"yoast_head":"<!-- This site is optimized with the Yoast SEO plugin v27.2 - https:\/\/yoast.com\/product\/yoast-seo-wordpress\/ -->\n<title>Aviso Legal - Alonso Despacho de Abogados<\/title>\n<meta name=\"robots\" content=\"index, follow, max-snippet:-1, max-image-preview:large, max-video-preview:-1\" \/>\n<link rel=\"canonical\" href=\"https:\/\/alonsodespachoabogados.com\/en\/aviso-legal\/\" \/>\n<meta property=\"og:locale\" content=\"en_US\" \/>\n<meta property=\"og:type\" content=\"article\" \/>\n<meta property=\"og:title\" content=\"Aviso Legal - Alonso Despacho de Abogados\" \/>\n<meta property=\"og:description\" content=\"Aviso Legal 1. Datos del titular del sitio web En cumplimiento con el deber de informaci\u00f3n recogido en el art\u00edculo 10 de la Ley 34\/2002, de 11 de julio, de Servicios de la Sociedad de la Informaci\u00f3n y del Comercio Electr\u00f3nico (LSSI-CE), se informa que el presente sitio web es titularidad de: Titular: Jos\u00e9 Manuel [&hellip;]\" \/>\n<meta property=\"og:url\" content=\"https:\/\/alonsodespachoabogados.com\/en\/aviso-legal\/\" \/>\n<meta property=\"og:site_name\" content=\"Alonso Despacho de Abogados\" \/>\n<meta property=\"article:modified_time\" content=\"2025-05-19T15:13:33+00:00\" \/>\n<meta name=\"twitter:card\" content=\"summary_large_image\" \/>\n<meta name=\"twitter:label1\" content=\"Est. reading time\" \/>\n\t<meta name=\"twitter:data1\" content=\"2 minutes\" \/>\n<script type=\"application\/ld+json\" class=\"yoast-schema-graph\">{\"@context\":\"https:\/\/schema.org\",\"@graph\":[{\"@type\":\"WebPage\",\"@id\":\"https:\/\/alonsodespachoabogados.com\/aviso-legal\/\",\"url\":\"https:\/\/alonsodespachoabogados.com\/aviso-legal\/\",\"name\":\"Aviso Legal - Alonso Despacho de Abogados\",\"isPartOf\":{\"@id\":\"https:\/\/alonsodespachoabogados.com\/#website\"},\"datePublished\":\"2025-05-08T16:59:39+00:00\",\"dateModified\":\"2025-05-19T15:13:33+00:00\",\"breadcrumb\":{\"@id\":\"https:\/\/alonsodespachoabogados.com\/aviso-legal\/#breadcrumb\"},\"inLanguage\":\"en-US\",\"potentialAction\":[{\"@type\":\"ReadAction\",\"target\":[\"https:\/\/alonsodespachoabogados.com\/aviso-legal\/\"]}]},{\"@type\":\"BreadcrumbList\",\"@id\":\"https:\/\/alonsodespachoabogados.com\/aviso-legal\/#breadcrumb\",\"itemListElement\":[{\"@type\":\"ListItem\",\"position\":1,\"name\":\"Portada\",\"item\":\"https:\/\/alonsodespachoabogados.com\/\"},{\"@type\":\"ListItem\",\"position\":2,\"name\":\"Aviso Legal\"}]},{\"@type\":\"WebSite\",\"@id\":\"https:\/\/alonsodespachoabogados.com\/#website\",\"url\":\"https:\/\/alonsodespachoabogados.com\/\",\"name\":\"Alonso Despacho de Abogados\",\"description\":\"\",\"publisher\":{\"@id\":\"https:\/\/alonsodespachoabogados.com\/#organization\"},\"potentialAction\":[{\"@type\":\"SearchAction\",\"target\":{\"@type\":\"EntryPoint\",\"urlTemplate\":\"https:\/\/alonsodespachoabogados.com\/?s={search_term_string}\"},\"query-input\":{\"@type\":\"PropertyValueSpecification\",\"valueRequired\":true,\"valueName\":\"search_term_string\"}}],\"inLanguage\":\"en-US\"},{\"@type\":\"Organization\",\"@id\":\"https:\/\/alonsodespachoabogados.com\/#organization\",\"name\":\"Alonso Despacho de Abogados\",\"url\":\"https:\/\/alonsodespachoabogados.com\/\",\"logo\":{\"@type\":\"ImageObject\",\"inLanguage\":\"en-US\",\"@id\":\"https:\/\/alonsodespachoabogados.com\/#\/schema\/logo\/image\/\",\"url\":\"https:\/\/alonsodespachoabogados.com\/wp-content\/uploads\/2025\/04\/logo.svg\",\"contentUrl\":\"https:\/\/alonsodespachoabogados.com\/wp-content\/uploads\/2025\/04\/logo.svg\",\"caption\":\"Alonso Despacho de Abogados\"},\"image\":{\"@id\":\"https:\/\/alonsodespachoabogados.com\/#\/schema\/logo\/image\/\"}}]}<\/script>\n<!-- \/ Yoast SEO plugin. -->","yoast_head_json":{"title":"Aviso Legal - Alonso Despacho de Abogados","robots":{"index":"index","follow":"follow","max-snippet":"max-snippet:-1","max-image-preview":"max-image-preview:large","max-video-preview":"max-video-preview:-1"},"canonical":"https:\/\/alonsodespachoabogados.com\/en\/aviso-legal\/","og_locale":"en_US","og_type":"article","og_title":"Aviso Legal - Alonso Despacho de Abogados","og_description":"Aviso Legal 1. Datos del titular del sitio web En cumplimiento con el deber de informaci\u00f3n recogido en el art\u00edculo 10 de la Ley 34\/2002, de 11 de julio, de Servicios de la Sociedad de la Informaci\u00f3n y del Comercio Electr\u00f3nico (LSSI-CE), se informa que el presente sitio web es titularidad de: Titular: Jos\u00e9 Manuel [&hellip;]","og_url":"https:\/\/alonsodespachoabogados.com\/en\/aviso-legal\/","og_site_name":"Alonso Despacho de Abogados","article_modified_time":"2025-05-19T15:13:33+00:00","twitter_card":"summary_large_image","twitter_misc":{"Est. reading time":"2 minutes"},"schema":{"@context":"https:\/\/schema.org","@graph":[{"@type":"WebPage","@id":"https:\/\/alonsodespachoabogados.com\/aviso-legal\/","url":"https:\/\/alonsodespachoabogados.com\/aviso-legal\/","name":"Aviso Legal - Alonso Despacho de Abogados","isPartOf":{"@id":"https:\/\/alonsodespachoabogados.com\/#website"},"datePublished":"2025-05-08T16:59:39+00:00","dateModified":"2025-05-19T15:13:33+00:00","breadcrumb":{"@id":"https:\/\/alonsodespachoabogados.com\/aviso-legal\/#breadcrumb"},"inLanguage":"en-US","potentialAction":[{"@type":"ReadAction","target":["https:\/\/alonsodespachoabogados.com\/aviso-legal\/"]}]},{"@type":"BreadcrumbList","@id":"https:\/\/alonsodespachoabogados.com\/aviso-legal\/#breadcrumb","itemListElement":[{"@type":"ListItem","position":1,"name":"Portada","item":"https:\/\/alonsodespachoabogados.com\/"},{"@type":"ListItem","position":2,"name":"Aviso Legal"}]},{"@type":"WebSite","@id":"https:\/\/alonsodespachoabogados.com\/#website","url":"https:\/\/alonsodespachoabogados.com\/","name":"Alonso Despacho de Abogados","description":"","publisher":{"@id":"https:\/\/alonsodespachoabogados.com\/#organization"},"potentialAction":[{"@type":"SearchAction","target":{"@type":"EntryPoint","urlTemplate":"https:\/\/alonsodespachoabogados.com\/?s={search_term_string}"},"query-input":{"@type":"PropertyValueSpecification","valueRequired":true,"valueName":"search_term_string"}}],"inLanguage":"en-US"},{"@type":"Organization","@id":"https:\/\/alonsodespachoabogados.com\/#organization","name":"Alonso Despacho de Abogados","url":"https:\/\/alonsodespachoabogados.com\/","logo":{"@type":"ImageObject","inLanguage":"en-US","@id":"https:\/\/alonsodespachoabogados.com\/#\/schema\/logo\/image\/","url":"https:\/\/alonsodespachoabogados.com\/wp-content\/uploads\/2025\/04\/logo.svg","contentUrl":"https:\/\/alonsodespachoabogados.com\/wp-content\/uploads\/2025\/04\/logo.svg","caption":"Alonso Despacho de Abogados"},"image":{"@id":"https:\/\/alonsodespachoabogados.com\/#\/schema\/logo\/image\/"}}]}},"_links":{"self":[{"href":"https:\/\/alonsodespachoabogados.com\/en\/wp-json\/wp\/v2\/pages\/144","targetHints":{"allow":["GET"]}}],"collection":[{"href":"https:\/\/alonsodespachoabogados.com\/en\/wp-json\/wp\/v2\/pages"}],"about":[{"href":"https:\/\/alonsodespachoabogados.com\/en\/wp-json\/wp\/v2\/types\/page"}],"author":[{"embeddable":true,"href":"https:\/\/alonsodespachoabogados.com\/en\/wp-json\/wp\/v2\/users\/1"}],"replies":[{"embeddable":true,"href":"https:\/\/alonsodespachoabogados.com\/en\/wp-json\/wp\/v2\/comments?post=144"}],"version-history":[{"count":10,"href":"https:\/\/alonsodespachoabogados.com\/en\/wp-json\/wp\/v2\/pages\/144\/revisions"}],"predecessor-version":[{"id":161,"href":"https:\/\/alonsodespachoabogados.com\/en\/wp-json\/wp\/v2\/pages\/144\/revisions\/161"}],"wp:attachment":[{"href":"https:\/\/alonsodespachoabogados.com\/en\/wp-json\/wp\/v2\/media?parent=144"}],"curies":[{"name":"wp","href":"https:\/\/api.w.org\/{rel}","templated":true}]}}