{"id":146,"date":"2025-05-08T16:59:57","date_gmt":"2025-05-08T16:59:57","guid":{"rendered":"https:\/\/alonsodespachoabogados.com\/?page_id=146"},"modified":"2025-05-19T15:14:11","modified_gmt":"2025-05-19T15:14:11","slug":"politica-de-privacidad","status":"publish","type":"page","link":"https:\/\/alonsodespachoabogados.com\/en\/politica-de-privacidad\/","title":{"rendered":"Pol\u00edtica de Privacidad"},"content":{"rendered":"<div data-elementor-type=\"wp-page\" data-elementor-id=\"146\" class=\"elementor elementor-146\" data-elementor-settings=\"{&quot;ha_cmc_init_switcher&quot;:&quot;no&quot;}\" data-elementor-post-type=\"page\">\n\t\t\t\t<div class=\"elementor-element elementor-element-22bd641 e-con-full e-flex e-con e-parent\" data-id=\"22bd641\" data-element_type=\"container\" data-e-type=\"container\" data-settings=\"{&quot;background_background&quot;:&quot;classic&quot;,&quot;_ha_eqh_enable&quot;:false}\">\n\t\t\t\t<div class=\"elementor-element elementor-element-52c9773 elementor-widget elementor-widget-heading\" data-id=\"52c9773\" data-element_type=\"widget\" data-e-type=\"widget\" data-widget_type=\"heading.default\">\n\t\t\t\t<div class=\"elementor-widget-container\">\n\t\t\t\t\t<h2 class=\"elementor-heading-title elementor-size-default\">Pol\u00edtica de Privacidad<\/h2>\t\t\t\t<\/div>\n\t\t\t\t<\/div>\n\t\t\t\t<\/div>\n\t\t<div class=\"elementor-element elementor-element-06c6640 e-flex e-con-boxed e-con e-parent\" data-id=\"06c6640\" data-element_type=\"container\" data-e-type=\"container\" data-settings=\"{&quot;_ha_eqh_enable&quot;:false}\">\n\t\t\t\t\t<div class=\"e-con-inner\">\n\t\t\t\t<div class=\"elementor-element elementor-element-6250606 elementor-widget elementor-widget-text-editor\" data-id=\"6250606\" data-element_type=\"widget\" data-e-type=\"widget\" data-widget_type=\"text-editor.default\">\n\t\t\t\t<div class=\"elementor-widget-container\">\n\t\t\t\t\t\t\t\t\t<p data-start=\"269\" data-end=\"610\">En cumplimiento del Reglamento (UE) 2016\/679 del Parlamento Europeo y del Consejo, de 27 de abril de 2016 (RGPD), y de la Ley Org\u00e1nica 3\/2018 de Protecci\u00f3n de Datos Personales y garant\u00eda de los derechos digitales (LOPDGDD), se informa que los datos personales facilitados a trav\u00e9s de este sitio web ser\u00e1n tratados bajo la responsabilidad de:<\/p><ul data-start=\"612\" data-end=\"819\"><li data-start=\"612\" data-end=\"653\"><p data-start=\"614\" data-end=\"653\"><strong data-start=\"614\" data-end=\"624\">Nombre<\/strong>: Jos\u00e9 Manuel Alonso Morais<\/p><\/li><li data-start=\"654\" data-end=\"676\"><p data-start=\"656\" data-end=\"676\"><strong data-start=\"656\" data-end=\"663\">NIF<\/strong>: 44478985K<\/p><\/li><li data-start=\"677\" data-end=\"724\"><p data-start=\"679\" data-end=\"724\"><strong data-start=\"679\" data-end=\"704\">Direcci\u00f3n profesional<\/strong>: Avda. Sousas 100<\/p><\/li><li data-start=\"725\" data-end=\"758\"><p data-start=\"727\" data-end=\"758\"><strong data-start=\"727\" data-end=\"739\">Tel\u00e9fono<\/strong>: +34 615 234 311<\/p><\/li><li data-start=\"759\" data-end=\"819\"><p data-start=\"761\" data-end=\"819\"><strong data-start=\"761\" data-end=\"783\">Correo electr\u00f3nico<\/strong>: <a class=\"cursor-pointer\" rel=\"noopener\" data-start=\"785\" data-end=\"819\">josemanuel.alonso.morais@gmail.com<\/a><\/p><\/li><\/ul><h3 data-start=\"821\" data-end=\"853\">2. Finalidad del tratamiento<\/h3><p data-start=\"855\" data-end=\"997\">Los datos recabados a trav\u00e9s de los formularios de contacto o mediante comunicaciones electr\u00f3nicas se tratar\u00e1n con las siguientes finalidades:<\/p><ul data-start=\"999\" data-end=\"1267\"><li data-start=\"999\" data-end=\"1053\"><p data-start=\"1001\" data-end=\"1053\">Atender consultas legales realizadas por el usuario.<\/p><\/li><li data-start=\"1054\" data-end=\"1135\"><p data-start=\"1056\" data-end=\"1135\">Gestionar la relaci\u00f3n profesional, administrativa o comercial con los clientes.<\/p><\/li><li data-start=\"1136\" data-end=\"1267\"><p data-start=\"1138\" data-end=\"1267\">Enviar comunicaciones informativas relacionadas con los servicios jur\u00eddicos ofrecidos, siempre que el usuario lo haya autorizado.<\/p><\/li><\/ul><h3 data-start=\"1269\" data-end=\"1288\">3. Legitimaci\u00f3n<\/h3><p data-start=\"1290\" data-end=\"1340\">La base legal para el tratamiento de sus datos es:<\/p><ul data-start=\"1342\" data-end=\"1584\"><li data-start=\"1342\" data-end=\"1460\"><p data-start=\"1344\" data-end=\"1460\"><strong data-start=\"1344\" data-end=\"1373\">El consentimiento expreso<\/strong> del usuario al enviar sus datos a trav\u00e9s del formulario o cualquier medio de contacto.<\/p><\/li><li data-start=\"1461\" data-end=\"1584\"><p data-start=\"1463\" data-end=\"1584\"><strong data-start=\"1463\" data-end=\"1494\">La ejecuci\u00f3n de un contrato<\/strong> o medidas precontractuales en caso de establecerse una relaci\u00f3n jur\u00eddica con el despacho.<\/p><\/li><\/ul><h3 data-start=\"1586\" data-end=\"1618\">4. Conservaci\u00f3n de los datos<\/h3><p data-start=\"1620\" data-end=\"1873\">Los datos personales proporcionados se conservar\u00e1n mientras exista una relaci\u00f3n profesional o contractual, y posteriormente durante el tiempo necesario para cumplir con las obligaciones legales aplicables o hasta que el interesado solicite su supresi\u00f3n.<\/p><h3 data-start=\"1875\" data-end=\"1895\">5. Destinatarios<\/h3><p data-start=\"1897\" data-end=\"2126\">Los datos no se ceder\u00e1n a terceros, salvo obligaci\u00f3n legal o cuando sea necesario para la prestaci\u00f3n del servicio solicitado y con el consentimiento previo del interesado. No se realizar\u00e1n transferencias internacionales de datos.<\/p><h3 data-start=\"2128\" data-end=\"2155\">6. Derechos del usuario<\/h3><p data-start=\"2157\" data-end=\"2206\">El usuario podr\u00e1 ejercer los siguientes derechos:<\/p><ul data-start=\"2208\" data-end=\"2553\"><li data-start=\"2208\" data-end=\"2241\"><p data-start=\"2210\" data-end=\"2241\">Acceder a sus datos personales.<\/p><\/li><li data-start=\"2242\" data-end=\"2289\"><p data-start=\"2244\" data-end=\"2289\">Rectificar los datos inexactos o incompletos.<\/p><\/li><li data-start=\"2290\" data-end=\"2354\"><p data-start=\"2292\" data-end=\"2354\">Solicitar su supresi\u00f3n cuando los datos ya no sean necesarios.<\/p><\/li><li data-start=\"2355\" data-end=\"2404\"><p data-start=\"2357\" data-end=\"2404\">Limitar u oponerse al tratamiento de sus datos.<\/p><\/li><li data-start=\"2405\" data-end=\"2446\"><p data-start=\"2407\" data-end=\"2446\">Solicitar la portabilidad de los datos.<\/p><\/li><li data-start=\"2447\" data-end=\"2553\"><p data-start=\"2449\" data-end=\"2553\">Retirar el consentimiento en cualquier momento, sin que ello afecte a la licitud del tratamiento previo.<\/p><\/li><\/ul><p data-start=\"2555\" data-end=\"2776\">Para ejercer estos derechos, puede enviar una solicitud indicando el derecho que desea ejercer, junto con copia de su DNI o documento identificativo, a trav\u00e9s del correo electr\u00f3nico: <strong data-start=\"2738\" data-end=\"2776\"><a class=\"cursor-pointer\" rel=\"noopener\" data-start=\"2740\" data-end=\"2774\">josemanuel.alonso.morais@gmail.com<\/a><\/strong><\/p><p data-start=\"2778\" data-end=\"2937\">Asimismo, si considera que sus derechos han sido vulnerados, puede presentar una reclamaci\u00f3n ante la Agencia Espa\u00f1ola de Protecci\u00f3n de Datos (<strong data-start=\"2920\" data-end=\"2935\"><a class=\"\" href=\"http:\/\/www.aepd.es\" target=\"_new\" rel=\"noopener\" data-start=\"2922\" data-end=\"2933\">www.aepd.es<\/a><\/strong>).<\/p><h3 data-start=\"2939\" data-end=\"2968\">7. Seguridad de los datos<\/h3><p data-start=\"2970\" data-end=\"3164\">Jos\u00e9 Manuel Alonso Morais se compromete a implementar las medidas t\u00e9cnicas y organizativas adecuadas para garantizar la seguridad, confidencialidad e integridad de los datos personales tratados.<\/p>\t\t\t\t\t\t\t\t<\/div>\n\t\t\t\t<\/div>\n\t\t\t\t\t<\/div>\n\t\t\t\t<\/div>\n\t\t\t\t<\/div>","protected":false},"excerpt":{"rendered":"<p>Pol\u00edtica de Privacidad En cumplimiento del Reglamento (UE) 2016\/679 del Parlamento Europeo y del Consejo, de 27 de abril de 2016 (RGPD), y de la Ley Org\u00e1nica 3\/2018 de Protecci\u00f3n de Datos Personales y garant\u00eda de los derechos digitales (LOPDGDD), se informa que los datos personales facilitados a trav\u00e9s de este sitio web ser\u00e1n tratados [&hellip;]<\/p>\n","protected":false},"author":1,"featured_media":0,"parent":0,"menu_order":0,"comment_status":"closed","ping_status":"closed","template":"elementor_header_footer","meta":{"footnotes":""},"class_list":["post-146","page","type-page","status-publish","hentry"],"yoast_head":"<!-- This site is optimized with the Yoast SEO plugin v27.2 - https:\/\/yoast.com\/product\/yoast-seo-wordpress\/ -->\n<title>Pol\u00edtica de Privacidad - Alonso Despacho de Abogados<\/title>\n<meta name=\"robots\" content=\"index, follow, max-snippet:-1, max-image-preview:large, max-video-preview:-1\" \/>\n<link rel=\"canonical\" href=\"https:\/\/alonsodespachoabogados.com\/en\/politica-de-privacidad\/\" \/>\n<meta property=\"og:locale\" content=\"en_US\" \/>\n<meta property=\"og:type\" content=\"article\" \/>\n<meta property=\"og:title\" content=\"Pol\u00edtica de Privacidad - Alonso Despacho de Abogados\" \/>\n<meta property=\"og:description\" content=\"Pol\u00edtica de Privacidad En cumplimiento del Reglamento (UE) 2016\/679 del Parlamento Europeo y del Consejo, de 27 de abril de 2016 (RGPD), y de la Ley Org\u00e1nica 3\/2018 de Protecci\u00f3n de Datos Personales y garant\u00eda de los derechos digitales (LOPDGDD), se informa que los datos personales facilitados a trav\u00e9s de este sitio web ser\u00e1n tratados [&hellip;]\" \/>\n<meta property=\"og:url\" content=\"https:\/\/alonsodespachoabogados.com\/en\/politica-de-privacidad\/\" \/>\n<meta property=\"og:site_name\" content=\"Alonso Despacho de Abogados\" \/>\n<meta property=\"article:modified_time\" content=\"2025-05-19T15:14:11+00:00\" \/>\n<meta name=\"twitter:card\" content=\"summary_large_image\" \/>\n<meta name=\"twitter:label1\" content=\"Est. reading time\" \/>\n\t<meta name=\"twitter:data1\" content=\"2 minutes\" \/>\n<script type=\"application\/ld+json\" class=\"yoast-schema-graph\">{\"@context\":\"https:\/\/schema.org\",\"@graph\":[{\"@type\":\"WebPage\",\"@id\":\"https:\/\/alonsodespachoabogados.com\/politica-de-privacidad\/\",\"url\":\"https:\/\/alonsodespachoabogados.com\/politica-de-privacidad\/\",\"name\":\"Pol\u00edtica de Privacidad - Alonso Despacho de Abogados\",\"isPartOf\":{\"@id\":\"https:\/\/alonsodespachoabogados.com\/#website\"},\"datePublished\":\"2025-05-08T16:59:57+00:00\",\"dateModified\":\"2025-05-19T15:14:11+00:00\",\"breadcrumb\":{\"@id\":\"https:\/\/alonsodespachoabogados.com\/politica-de-privacidad\/#breadcrumb\"},\"inLanguage\":\"en-US\",\"potentialAction\":[{\"@type\":\"ReadAction\",\"target\":[\"https:\/\/alonsodespachoabogados.com\/politica-de-privacidad\/\"]}]},{\"@type\":\"BreadcrumbList\",\"@id\":\"https:\/\/alonsodespachoabogados.com\/politica-de-privacidad\/#breadcrumb\",\"itemListElement\":[{\"@type\":\"ListItem\",\"position\":1,\"name\":\"Portada\",\"item\":\"https:\/\/alonsodespachoabogados.com\/\"},{\"@type\":\"ListItem\",\"position\":2,\"name\":\"Pol\u00edtica de Privacidad\"}]},{\"@type\":\"WebSite\",\"@id\":\"https:\/\/alonsodespachoabogados.com\/#website\",\"url\":\"https:\/\/alonsodespachoabogados.com\/\",\"name\":\"Alonso Despacho de Abogados\",\"description\":\"\",\"publisher\":{\"@id\":\"https:\/\/alonsodespachoabogados.com\/#organization\"},\"potentialAction\":[{\"@type\":\"SearchAction\",\"target\":{\"@type\":\"EntryPoint\",\"urlTemplate\":\"https:\/\/alonsodespachoabogados.com\/?s={search_term_string}\"},\"query-input\":{\"@type\":\"PropertyValueSpecification\",\"valueRequired\":true,\"valueName\":\"search_term_string\"}}],\"inLanguage\":\"en-US\"},{\"@type\":\"Organization\",\"@id\":\"https:\/\/alonsodespachoabogados.com\/#organization\",\"name\":\"Alonso Despacho de Abogados\",\"url\":\"https:\/\/alonsodespachoabogados.com\/\",\"logo\":{\"@type\":\"ImageObject\",\"inLanguage\":\"en-US\",\"@id\":\"https:\/\/alonsodespachoabogados.com\/#\/schema\/logo\/image\/\",\"url\":\"https:\/\/alonsodespachoabogados.com\/wp-content\/uploads\/2025\/04\/logo.svg\",\"contentUrl\":\"https:\/\/alonsodespachoabogados.com\/wp-content\/uploads\/2025\/04\/logo.svg\",\"caption\":\"Alonso Despacho de Abogados\"},\"image\":{\"@id\":\"https:\/\/alonsodespachoabogados.com\/#\/schema\/logo\/image\/\"}}]}<\/script>\n<!-- \/ Yoast SEO plugin. -->","yoast_head_json":{"title":"Pol\u00edtica de Privacidad - Alonso Despacho de Abogados","robots":{"index":"index","follow":"follow","max-snippet":"max-snippet:-1","max-image-preview":"max-image-preview:large","max-video-preview":"max-video-preview:-1"},"canonical":"https:\/\/alonsodespachoabogados.com\/en\/politica-de-privacidad\/","og_locale":"en_US","og_type":"article","og_title":"Pol\u00edtica de Privacidad - Alonso Despacho de Abogados","og_description":"Pol\u00edtica de Privacidad En cumplimiento del Reglamento (UE) 2016\/679 del Parlamento Europeo y del Consejo, de 27 de abril de 2016 (RGPD), y de la Ley Org\u00e1nica 3\/2018 de Protecci\u00f3n de Datos Personales y garant\u00eda de los derechos digitales (LOPDGDD), se informa que los datos personales facilitados a trav\u00e9s de este sitio web ser\u00e1n tratados [&hellip;]","og_url":"https:\/\/alonsodespachoabogados.com\/en\/politica-de-privacidad\/","og_site_name":"Alonso Despacho de Abogados","article_modified_time":"2025-05-19T15:14:11+00:00","twitter_card":"summary_large_image","twitter_misc":{"Est. reading time":"2 minutes"},"schema":{"@context":"https:\/\/schema.org","@graph":[{"@type":"WebPage","@id":"https:\/\/alonsodespachoabogados.com\/politica-de-privacidad\/","url":"https:\/\/alonsodespachoabogados.com\/politica-de-privacidad\/","name":"Pol\u00edtica de Privacidad - Alonso Despacho de Abogados","isPartOf":{"@id":"https:\/\/alonsodespachoabogados.com\/#website"},"datePublished":"2025-05-08T16:59:57+00:00","dateModified":"2025-05-19T15:14:11+00:00","breadcrumb":{"@id":"https:\/\/alonsodespachoabogados.com\/politica-de-privacidad\/#breadcrumb"},"inLanguage":"en-US","potentialAction":[{"@type":"ReadAction","target":["https:\/\/alonsodespachoabogados.com\/politica-de-privacidad\/"]}]},{"@type":"BreadcrumbList","@id":"https:\/\/alonsodespachoabogados.com\/politica-de-privacidad\/#breadcrumb","itemListElement":[{"@type":"ListItem","position":1,"name":"Portada","item":"https:\/\/alonsodespachoabogados.com\/"},{"@type":"ListItem","position":2,"name":"Pol\u00edtica de Privacidad"}]},{"@type":"WebSite","@id":"https:\/\/alonsodespachoabogados.com\/#website","url":"https:\/\/alonsodespachoabogados.com\/","name":"Alonso Despacho de Abogados","description":"","publisher":{"@id":"https:\/\/alonsodespachoabogados.com\/#organization"},"potentialAction":[{"@type":"SearchAction","target":{"@type":"EntryPoint","urlTemplate":"https:\/\/alonsodespachoabogados.com\/?s={search_term_string}"},"query-input":{"@type":"PropertyValueSpecification","valueRequired":true,"valueName":"search_term_string"}}],"inLanguage":"en-US"},{"@type":"Organization","@id":"https:\/\/alonsodespachoabogados.com\/#organization","name":"Alonso Despacho de Abogados","url":"https:\/\/alonsodespachoabogados.com\/","logo":{"@type":"ImageObject","inLanguage":"en-US","@id":"https:\/\/alonsodespachoabogados.com\/#\/schema\/logo\/image\/","url":"https:\/\/alonsodespachoabogados.com\/wp-content\/uploads\/2025\/04\/logo.svg","contentUrl":"https:\/\/alonsodespachoabogados.com\/wp-content\/uploads\/2025\/04\/logo.svg","caption":"Alonso Despacho de Abogados"},"image":{"@id":"https:\/\/alonsodespachoabogados.com\/#\/schema\/logo\/image\/"}}]}},"_links":{"self":[{"href":"https:\/\/alonsodespachoabogados.com\/en\/wp-json\/wp\/v2\/pages\/146","targetHints":{"allow":["GET"]}}],"collection":[{"href":"https:\/\/alonsodespachoabogados.com\/en\/wp-json\/wp\/v2\/pages"}],"about":[{"href":"https:\/\/alonsodespachoabogados.com\/en\/wp-json\/wp\/v2\/types\/page"}],"author":[{"embeddable":true,"href":"https:\/\/alonsodespachoabogados.com\/en\/wp-json\/wp\/v2\/users\/1"}],"replies":[{"embeddable":true,"href":"https:\/\/alonsodespachoabogados.com\/en\/wp-json\/wp\/v2\/comments?post=146"}],"version-history":[{"count":7,"href":"https:\/\/alonsodespachoabogados.com\/en\/wp-json\/wp\/v2\/pages\/146\/revisions"}],"predecessor-version":[{"id":164,"href":"https:\/\/alonsodespachoabogados.com\/en\/wp-json\/wp\/v2\/pages\/146\/revisions\/164"}],"wp:attachment":[{"href":"https:\/\/alonsodespachoabogados.com\/en\/wp-json\/wp\/v2\/media?parent=146"}],"curies":[{"name":"wp","href":"https:\/\/api.w.org\/{rel}","templated":true}]}}